{"id":1090,"date":"2020-06-03T10:07:54","date_gmt":"2020-06-03T07:07:54","guid":{"rendered":"https:\/\/ekspress.macaw.ee\/about-group\/our-operating-areas\/media\/estonia\/linna-ekraanid-ou\/"},"modified":"2025-02-27T11:40:06","modified_gmt":"2025-02-27T09:40:06","slug":"dscreens-estonia-ou","status":"publish","type":"page","link":"https:\/\/www.egrupp.ee\/en\/dscreens-estonia-ou\/","title":{"rendered":"D Screens Estonia O\u00dc"},"content":{"rendered":"<p>Out of home media company D Screens Estonia O\u00dc, operating since 2010 (initially named Linna Ekraanid O\u00dc), has been a part of Ekspress Group since 2016. The company&#8217;s main activity is the rental of advertising space on LED screens across Estonia.<\/p>\n<p>The digital outdoor advertising business line is currently operated by Ekspress Group in Estonia and Latvia.<\/p>\n<p>LINK: <a href=\"http:\/\/www.dscreens.ee\">www.dscreens.ee<\/a><\/p>\n<p>&nbsp;<\/p>\n<p>Contact us:<\/p>\n<p>D Screens Estonia O\u00dc<\/p>\n<p>Reg. no: 11933522<\/p>\n<p>VAT no: EE101385242<\/p>\n<p>Parda 6, 10151 Tallinn<\/p>\n<p>Tel: 53446658<\/p>\n<p>Email: <a href=\"mailto:info@dscreens.ee\">info@dscreens.ee<\/a><\/p>\n","protected":false},"excerpt":{"rendered":"<p>Out of home media company D Screens Estonia O\u00dc, operating since 2010 (initially named Linna Ekraanid O\u00dc), has been a part of Ekspress Group since 2016. The company&#8217;s main activity is the rental of advertising space on LED screens across Estonia. The digital outdoor advertising business line is currently operated by Ekspress Group in Estonia [&hellip;]<\/p>\n","protected":false},"author":11,"featured_media":0,"parent":0,"menu_order":3,"comment_status":"closed","ping_status":"closed","template":"","meta":{"footnotes":""},"class_list":["post-1090","page","type-page","status-publish","hentry"],"acf":{"blocks":false,"page_content_title":"D Screens Estonia O\u00dc","page_content_logo":false},"_links":{"self":[{"href":"https:\/\/www.egrupp.ee\/en\/wp-json\/wp\/v2\/pages\/1090","targetHints":{"allow":["GET"]}}],"collection":[{"href":"https:\/\/www.egrupp.ee\/en\/wp-json\/wp\/v2\/pages"}],"about":[{"href":"https:\/\/www.egrupp.ee\/en\/wp-json\/wp\/v2\/types\/page"}],"author":[{"embeddable":true,"href":"https:\/\/www.egrupp.ee\/en\/wp-json\/wp\/v2\/users\/11"}],"replies":[{"embeddable":true,"href":"https:\/\/www.egrupp.ee\/en\/wp-json\/wp\/v2\/comments?post=1090"}],"version-history":[{"count":6,"href":"https:\/\/www.egrupp.ee\/en\/wp-json\/wp\/v2\/pages\/1090\/revisions"}],"predecessor-version":[{"id":1298,"href":"https:\/\/www.egrupp.ee\/en\/wp-json\/wp\/v2\/pages\/1090\/revisions\/1298"}],"wp:attachment":[{"href":"https:\/\/www.egrupp.ee\/en\/wp-json\/wp\/v2\/media?parent=1090"}],"curies":[{"name":"wp","href":"https:\/\/api.w.org\/{rel}","templated":true}]}}