{"id":1091,"date":"2020-06-11T15:12:56","date_gmt":"2020-06-11T12:12:56","guid":{"rendered":"https:\/\/ekspress.macaw.ee\/about-group\/our-operating-areas\/media\/estonia\/hea-lugu-ou\/"},"modified":"2020-06-21T17:27:07","modified_gmt":"2020-06-21T14:27:07","slug":"hea-lugu-ou","status":"publish","type":"page","link":"https:\/\/www.egrupp.ee\/en\/about-group\/our-operating-areas\/media\/estonia\/hea-lugu-ou\/","title":{"rendered":"Hea Lugu O\u00dc"},"content":{"rendered":"<p>O\u00dc Hea Lugu was established in October 2011 as a subsidiary of AS Eesti Ajalehed to combine the publishing of books under the trademarks of Eesti Ekspress, Eesti P\u00e4evaleht and Maaleht into one company, and it makes sure that valuable literature reaches those who are interested.<\/p>\n<p>Hea Lugu publishes fiction, history books, biographies and memoirs, children\u2019s literature, reference books and practical handbooks. It manages the trademarks Maailm ja M\u00f5nda, 100 Rooga, \u00d5htu\u00f5pik, Eesti Ekspressi Raamat, Eesti P\u00e4evaleht and Maalehe Raamat.<\/p>\n<p>Hea Lugu has taken an active approach to digital development, selling e-books and managing a portal <a href=\"https:\/\/www.raamat24.ee\/\">Raamat24<\/a> e-store.<\/p>\n<p>LINK: <a href=\"http:\/\/www.healugu.ee\/\">www.healugu.ee<\/a><\/p>\n<p>Please contact us at:<br \/>\nO\u00dc Hea Lugu<br \/>\nReg no 12171391<br \/>\nVAT identification no EE101484431<br \/>\nParda 6, Tallinn 10151<br \/>\ne-mail: <a href=\"mailto:info@healugu.ee\">info@healugu.ee<\/a><\/p>\n","protected":false},"excerpt":{"rendered":"<p>O\u00dc Hea Lugu was established in October 2011 as a subsidiary of AS Eesti Ajalehed to combine the publishing of books under the trademarks of Eesti Ekspress, Eesti P\u00e4evaleht and Maaleht into one company, and it makes sure that valuable literature reaches those who are interested. Hea Lugu publishes fiction, history books, biographies and memoirs, [&hellip;]<\/p>\n","protected":false},"author":11,"featured_media":0,"parent":1087,"menu_order":4,"comment_status":"closed","ping_status":"closed","template":"","meta":{"footnotes":""},"class_list":["post-1091","page","type-page","status-publish","hentry"],"acf":{"blocks":false,"page_content_title":"Hea Lugu O\u00dc","page_content_logo":{"ID":178,"id":178,"title":"hl","filename":"hl.svg","filesize":6964,"url":"https:\/\/www.egrupp.ee\/wp-content\/uploads\/2020\/03\/hl.svg","link":"https:\/\/www.egrupp.ee\/en\/operating-areas\/media\/estonia\/ekspress-meedia-as\/hl-2\/","alt":"","author":"11","description":"","caption":"","name":"hl-2","status":"inherit","uploaded_to":1291,"date":"2020-03-12 07:56:05","modified":"2020-06-30 11:36:04","menu_order":0,"mime_type":"image\/svg+xml","type":"image","subtype":"svg+xml","icon":"https:\/\/www.egrupp.ee\/wp-includes\/images\/media\/default.png","width":97,"height":53,"sizes":{"thumbnail":"https:\/\/www.egrupp.ee\/wp-content\/uploads\/2020\/03\/hl.svg","thumbnail-width":97,"thumbnail-height":53,"medium":"https:\/\/www.egrupp.ee\/wp-content\/uploads\/2020\/03\/hl.svg","medium-width":97,"medium-height":53,"medium_large":"https:\/\/www.egrupp.ee\/wp-content\/uploads\/2020\/03\/hl.svg","medium_large-width":97,"medium_large-height":53,"large":"https:\/\/www.egrupp.ee\/wp-content\/uploads\/2020\/03\/hl.svg","large-width":97,"large-height":53,"1536x1536":"https:\/\/www.egrupp.ee\/wp-content\/uploads\/2020\/03\/hl.svg","1536x1536-width":97,"1536x1536-height":53,"2048x2048":"https:\/\/www.egrupp.ee\/wp-content\/uploads\/2020\/03\/hl.svg","2048x2048-width":97,"2048x2048-height":53,"iphone":"https:\/\/www.egrupp.ee\/wp-content\/uploads\/2020\/03\/hl.svg","iphone-width":97,"iphone-height":53,"phone-large":"https:\/\/www.egrupp.ee\/wp-content\/uploads\/2020\/03\/hl.svg","phone-large-width":97,"phone-large-height":53,"tablet":"https:\/\/www.egrupp.ee\/wp-content\/uploads\/2020\/03\/hl.svg","tablet-width":97,"tablet-height":53,"laptop":"https:\/\/www.egrupp.ee\/wp-content\/uploads\/2020\/03\/hl.svg","laptop-width":97,"laptop-height":53,"laptopretina":"https:\/\/www.egrupp.ee\/wp-content\/uploads\/2020\/03\/hl.svg","laptopretina-width":97,"laptopretina-height":53,"fullhd":"https:\/\/www.egrupp.ee\/wp-content\/uploads\/2020\/03\/hl.svg","fullhd-width":97,"fullhd-height":53}}},"_links":{"self":[{"href":"https:\/\/www.egrupp.ee\/en\/wp-json\/wp\/v2\/pages\/1091","targetHints":{"allow":["GET"]}}],"collection":[{"href":"https:\/\/www.egrupp.ee\/en\/wp-json\/wp\/v2\/pages"}],"about":[{"href":"https:\/\/www.egrupp.ee\/en\/wp-json\/wp\/v2\/types\/page"}],"author":[{"embeddable":true,"href":"https:\/\/www.egrupp.ee\/en\/wp-json\/wp\/v2\/users\/11"}],"replies":[{"embeddable":true,"href":"https:\/\/www.egrupp.ee\/en\/wp-json\/wp\/v2\/comments?post=1091"}],"version-history":[{"count":2,"href":"https:\/\/www.egrupp.ee\/en\/wp-json\/wp\/v2\/pages\/1091\/revisions"}],"predecessor-version":[{"id":1384,"href":"https:\/\/www.egrupp.ee\/en\/wp-json\/wp\/v2\/pages\/1091\/revisions\/1384"}],"up":[{"embeddable":true,"href":"https:\/\/www.egrupp.ee\/en\/wp-json\/wp\/v2\/pages\/1087"}],"wp:attachment":[{"href":"https:\/\/www.egrupp.ee\/en\/wp-json\/wp\/v2\/media?parent=1091"}],"curies":[{"name":"wp","href":"https:\/\/api.w.org\/{rel}","templated":true}]}}