{"id":1121,"date":"2020-03-20T22:47:57","date_gmt":"2020-03-20T20:47:57","guid":{"rendered":"https:\/\/ekspress.macaw.ee\/about-group\/media-distinctions-and-awards\/latvia\/"},"modified":"2025-05-09T11:43:11","modified_gmt":"2025-05-09T08:43:11","slug":"latvia","status":"publish","type":"page","link":"https:\/\/www.egrupp.ee\/en\/about-group\/media-distinctions-and-awards\/latvia\/","title":{"rendered":"Latvia"},"content":{"rendered":"<p><strong>2024<\/strong><\/p>\n<ul>\n<li>Delfi Latvia <strong>won the most Loved media brand<\/strong> prise in Latvia and in Baltics.<img loading=\"lazy\" decoding=\"async\" class=\"alignnone size-medium wp-image-4700\" src=\"https:\/\/egrupp.ee\/wp-content\/uploads\/2025\/05\/Pilt5-240x300.jpg\" alt=\"\" width=\"240\" height=\"300\" srcset=\"https:\/\/www.egrupp.ee\/wp-content\/uploads\/2025\/05\/Pilt5-240x300.jpg 240w, https:\/\/www.egrupp.ee\/wp-content\/uploads\/2025\/05\/Pilt5-450x561.jpg 450w, https:\/\/www.egrupp.ee\/wp-content\/uploads\/2025\/05\/Pilt5.jpg 606w\" sizes=\"auto, (max-width: 240px) 100vw, 240px\" \/><\/li>\n<li><strong>Olga Dragi\u013ceva<\/strong>, host of <strong>Delfi<\/strong>\u2019s investigative journalism show <strong>&#8220;K\u0101p\u0113c&#8221;<\/strong>, and <strong>Andris Auz\u0101ns<\/strong>, host and producer of the daily news <strong>\u201cSpried ar Delfi&#8221;<\/strong>, received incentive awards in the category &#8220;hosts of on-demand audiovisual services&#8221; at the &#8220;Latvian Media Language Award&#8221; event organised by the The National Electronic Mass Media Council (NEPLP) and the Latvian State Language Center (VVC).<\/li>\n<\/ul>\n<p><img loading=\"lazy\" decoding=\"async\" class=\"alignnone size-full wp-image-4702\" src=\"https:\/\/egrupp.ee\/wp-content\/uploads\/2025\/05\/Pilt6.jpg\" alt=\"\" width=\"265\" height=\"149\" \/><\/p>\n<ul>\n<li>In celebrations of Delfi 25 anniversary, special award for professionalism from the Baltic Media Excellence Center was received by <strong>Delfi<\/strong>\u2019s journalist <strong>Laine Fedotova<\/strong>. The Baltic Media Excellence Center, which cares for and helps media develop and grow, provided Laine Fedotova with the opportunity to travel to Italy next spring and participate in an international journalism festival. Presenting the award to Laine, Gunta Sloga, the head of the Baltic Media Excellence Center, described her as \u201cjournalist, who thoroughly digs into every uncomfortable topic that falls into her hands.&#8221;<\/li>\n<\/ul>\n<p><img loading=\"lazy\" decoding=\"async\" class=\"alignnone size-medium wp-image-4710\" src=\"https:\/\/egrupp.ee\/wp-content\/uploads\/2025\/05\/Pilt7-300x200.jpg\" alt=\"\" width=\"300\" height=\"200\" srcset=\"https:\/\/www.egrupp.ee\/wp-content\/uploads\/2025\/05\/Pilt7-300x200.jpg 300w, https:\/\/www.egrupp.ee\/wp-content\/uploads\/2025\/05\/Pilt7-450x300.jpg 450w, https:\/\/www.egrupp.ee\/wp-content\/uploads\/2025\/05\/Pilt7.jpg 606w\" sizes=\"auto, (max-width: 300px) 100vw, 300px\" \/><\/p>\n<ul>\n<li>The Latvian Journalists Association&#8217;s &#8220;<strong>Excellence Awards 2024<\/strong>&#8221; were presented. In the &#8220;Interview and features&#8221; category the award was received by <strong>Olga Dragi\u013ceva<\/strong> for her interviews in the Delfi\u2019s investigative journalism show <strong>&#8220;K\u0101p\u0113c&#8221;.<\/strong><\/li>\n<\/ul>\n<p><img loading=\"lazy\" decoding=\"async\" class=\"alignnone size-full wp-image-4706\" src=\"https:\/\/egrupp.ee\/wp-content\/uploads\/2025\/05\/Pilt8.jpg\" alt=\"\" width=\"265\" height=\"149\" \/><\/p>\n<ul>\n<li>The <strong>Normunds Naumanis Annual Award in Art Criticism<\/strong> was received by poet, film and literary critic, and &#8220;Delfi&#8221; freelance author <strong>Aivars Madris<\/strong>. Prize was received specifically for content created for Delfi.<\/li>\n<\/ul>\n<p><img loading=\"lazy\" decoding=\"async\" class=\"alignnone size-full wp-image-4714\" src=\"https:\/\/egrupp.ee\/wp-content\/uploads\/2025\/05\/Pilt11.jpg\" alt=\"\" width=\"265\" height=\"149\" \/><\/p>\n<ul>\n<li>In the celebrations of Delfi 25 anniversary, there were also audience, readers voting for their most favourite author. All together approx. 14k votes. The third most popular author was national news editor <strong>K\u0101rlis Ar\u0101js<\/strong>. Honourable second place was taken by <strong>Alina Lastovska<\/strong>, a journalist who hosts Delfi\u2019s investigative journalism show <strong>&#8220;K\u0101p\u0113c&#8221;<\/strong>. As the creator of this program, ex host and journalist of this Delfi\u2019s show Olga Dragi\u013ceva, said, that Alina is one of the most knowledgeable journalists in Latvian political journalism. With a margin of only 32 votes, the audience recognised <strong>J\u0101nis Sildniks<\/strong>, the creator of the podcast <strong>&#8220;Science or bullshit&#8221;<\/strong> and the head of the Delfi\u2019s Social Media Department, as the favourite content creator at &#8220;Delfi&#8221; in 2024.<\/li>\n<\/ul>\n<p><img loading=\"lazy\" decoding=\"async\" class=\"alignnone size-medium wp-image-4708\" src=\"https:\/\/egrupp.ee\/wp-content\/uploads\/2025\/05\/Pilt9-1-300x200.jpg\" alt=\"\" width=\"300\" height=\"200\" srcset=\"https:\/\/www.egrupp.ee\/wp-content\/uploads\/2025\/05\/Pilt9-1-300x200.jpg 300w, https:\/\/www.egrupp.ee\/wp-content\/uploads\/2025\/05\/Pilt9-1-450x300.jpg 450w, https:\/\/www.egrupp.ee\/wp-content\/uploads\/2025\/05\/Pilt9-1.jpg 606w\" sizes=\"auto, (max-width: 300px) 100vw, 300px\" \/><\/p>\n<ul>\n<li>On the annual <strong>Three Star Awards<\/strong> were presented at the Riga Circus, honouring the outstanding figures in Latvian sports in 2024. The award for the most outstanding achievement in sports journalism, traditionally determined annually by the jury of the Arturs Vaiders Foundation, was received by the Delfi\u2019s sports department team of five authors, who created the article series <strong>&#8220;Paralympic Business&#8221;<\/strong> last fall &#8211; <strong>J\u0101nis Freimanis, Sel\u012bna Pu\u0137e, Almants Poik\u0101ns, J\u0101nis Bendziks <\/strong>and <strong>Ingm\u0101rs Jurisons<\/strong>.<\/li>\n<\/ul>\n<p><img loading=\"lazy\" decoding=\"async\" class=\"alignnone size-full wp-image-4712\" src=\"https:\/\/egrupp.ee\/wp-content\/uploads\/2025\/05\/Pilt10.jpg\" alt=\"\" width=\"265\" height=\"149\" \/><\/p>\n<p><strong>2023<\/strong><\/p>\n<ul>\n<li>Delfi journalist <strong>Sarm\u012bte Gaidulele<\/strong> received the young journalist\u2019s grant of the <strong>Westphalia Peace Prize<\/strong>.<\/li>\n<li>Delfi Latvia won seven nominations for <strong>\u201cExcellence Awards 2022\/2023\u201d<\/strong> of the Latvian Union of Journalists and the award for the best interview. With seven nominations, Delfi Latvia was second only to the public television media.<\/li>\n<li>Delfi Latvia was awarded the label <strong>\u201cFamily-friendly Employer\u201d<\/strong>.<\/li>\n<li>Delfi also won the <strong>Baltic Brand Ranking<\/strong> category for Latvians\u2019 most favourable media brand.<\/li>\n<\/ul>\n<hr \/>\n<p>&nbsp;<\/p>\n<p><strong>2022<\/strong><\/p>\n<ul>\n<li><strong>MPV<\/strong>, Delfi Latvia\u2019s paid sports news channel, won the second place in the IMNA Global Media Awards in the category of the best subscription product.<\/li>\n<li>In the Baltic Brand Awards, the contest of Baltic brands, <strong>Delfi came second among the most popular media brands both in Latvia and Baltic countries<\/strong>. In addition, Delfi also won <strong>the second place as the most person-centred brand in the Baltic countries<\/strong>.<\/li>\n<\/ul>\n<hr \/>\n<p><strong>2021\u00a0<\/strong><\/p>\n<ul>\n<li>Delfi project <strong>\u201cKod.lv\u201d<\/strong> won the award of the Latvian Association of Journalists for the best minority language project. In total, eight Delfi content projects were nominated. \u201cKod.lv\u201d is a multimedia project of the journalists of Rus.delfi.lv that aimed to \u201ddecipher\u201d Latvians on what influences them (music, funeral traditions, games, impact of Latvian cinema, etc.)<\/li>\n<li>For the first time ever, a Delfi Latvia project won an award at the creative and advertising competition Adwords. Charitable project <strong>\u201cStrengthen the Strong\u201d (\u201cStiprini stipros\u201d) <\/strong>won the second prize in the category of corporate social responsibility and sustainability.<\/li>\n<li>At the Pan-Baltic marketing conference Baltic Brands Forum, <strong>Delfi Latvia<\/strong> won the award for being <strong>the most loved media brand in the Baltic States.<\/strong><\/li>\n<li>Delfi&#8217;s journalist <strong>Laine Fedotova<\/strong> was nominated for the title of Young Journalist 2021 of the Latvian Association of Journalists.<\/li>\n<\/ul>\n<hr \/>\n<p><strong>2020<\/strong><\/p>\n<ul>\n<li>Delfi Latvia received the award for being <a href=\"https:\/\/www.delfi.lv\/bizness\/biznesa_vide\/apbalvoti-spozakie-zimoli-delfi-miletakais-mediju-zimols-latvija-un-baltija.d?id=52525389\">the most loved media brand<\/a> in the country and the Baltic States.<\/li>\n<li>The Latvian Association of Journalists awarded the prize of the best minority language content of 2019 to <a href=\"https:\/\/rus.delfi.lv\/\">Delfi<\/a>.<\/li>\n<li>The Latvian Association of Journalists awarded the prize of <a href=\"https:\/\/www.world-today-news.com\/portal-delfi-receives-two-journalists-associations-excellence-awards-2019\/\">the best editor for the year 2019<\/a> to the Editor-in-Chief of Delfi Latvia, Ingus B\u0113rzi\u0146\u0161.<\/li>\n<li>The extensive multi-media project &#8220;<a href=\"https:\/\/www.delfi.lv\/izlausanas\/\">\u041f\u043e\u0431\u0435\u0433 94 \/ Breakout 94<\/a>&#8221; dealt with the largest escape of prisoners in the Latvian history 25 years ago. The work was praised for the use of extensive sources and interactive visual elements. Within the framework of the project, the events of the escape were reconstructed together with the interactive map of the prison\u2019s territory.<\/li>\n<\/ul>\n<hr \/>\n<p><strong>2019<\/strong><\/p>\n<p>The Latvian Association of Journalists awarded the following prizes to the journalists of Delfi Latvia: in the category of investigative journalism, Delfi Latvia received two awards<\/p>\n<ul>\n<li>for a series of analytical articles \u201cValue of trust\u201d<\/li>\n<li>a special prize for the coverage of the parliamentary elections<\/li>\n<\/ul>\n<p>In the category of the most popular media brands, Delfi Latvia came in second after TV3.<\/p>\n<p>To celebrate the 20th anniversary of Delfi, readers were able to nominate the best journalists of Delfi Latvia. Three journalists received a special award: <strong>Kristina <\/strong><strong>Hudenko<\/strong>, <strong>Diana \u010cu\u010dkova<\/strong> and <strong>Filips Lastovskis<\/strong>.<\/p>\n<p>The critics writing music and literature reviews for Delfi Latvia received Normund Nauman art critic award for their work in 2019. <strong>Lauma Malnace<\/strong> received the award \u201cThe Best New Critic of the Year\u201d and <strong>Art\u016brs Koro\u0161evskis\u00a0<\/strong>was named \u201cThe Best Critic of the Year\u201d.<\/p>\n","protected":false},"excerpt":{"rendered":"<p>2024 Delfi Latvia won the most Loved media brand prise in Latvia and in Baltics. Olga Dragi\u013ceva, host of Delfi\u2019s investigative journalism show &#8220;K\u0101p\u0113c&#8221;, and Andris Auz\u0101ns, host and producer of the daily news \u201cSpried ar Delfi&#8221;, received incentive awards in the category &#8220;hosts of on-demand audiovisual services&#8221; at the &#8220;Latvian Media Language Award&#8221; event [&hellip;]<\/p>\n","protected":false},"author":11,"featured_media":0,"parent":1115,"menu_order":0,"comment_status":"closed","ping_status":"closed","template":"tpl-awards.php","meta":{"footnotes":""},"class_list":["post-1121","page","type-page","status-publish","hentry"],"acf":{"page_content_title":"Latvia","page_content_logo":false,"blocks":false,"award_sliders":[{"award_year":"2024","award_events":[{"award_item":""},{"award_item":""},{"award_item":""},{"award_item":""},{"award_item":""},{"award_item":""},{"award_item":""}]},{"award_year":"2023","award_events":[{"award_item":""},{"award_item":""}]},{"award_year":"2022","award_events":[{"award_item":""},{"award_item":""}]},{"award_year":"2021","award_events":[{"award_item":""},{"award_item":""}]},{"award_year":"2020","award_events":[{"award_item":""},{"award_item":""}]},{"award_year":"2019","award_events":[{"award_item":""},{"award_item":""},{"award_item":""}]}]},"_links":{"self":[{"href":"https:\/\/www.egrupp.ee\/en\/wp-json\/wp\/v2\/pages\/1121","targetHints":{"allow":["GET"]}}],"collection":[{"href":"https:\/\/www.egrupp.ee\/en\/wp-json\/wp\/v2\/pages"}],"about":[{"href":"https:\/\/www.egrupp.ee\/en\/wp-json\/wp\/v2\/types\/page"}],"author":[{"embeddable":true,"href":"https:\/\/www.egrupp.ee\/en\/wp-json\/wp\/v2\/users\/11"}],"replies":[{"embeddable":true,"href":"https:\/\/www.egrupp.ee\/en\/wp-json\/wp\/v2\/comments?post=1121"}],"version-history":[{"count":9,"href":"https:\/\/www.egrupp.ee\/en\/wp-json\/wp\/v2\/pages\/1121\/revisions"}],"predecessor-version":[{"id":4716,"href":"https:\/\/www.egrupp.ee\/en\/wp-json\/wp\/v2\/pages\/1121\/revisions\/4716"}],"up":[{"embeddable":true,"href":"https:\/\/www.egrupp.ee\/en\/wp-json\/wp\/v2\/pages\/1115"}],"wp:attachment":[{"href":"https:\/\/www.egrupp.ee\/en\/wp-json\/wp\/v2\/media?parent=1121"}],"curies":[{"name":"wp","href":"https:\/\/api.w.org\/{rel}","templated":true}]}}