{"id":1122,"date":"2020-03-20T22:48:41","date_gmt":"2020-03-20T20:48:41","guid":{"rendered":"https:\/\/ekspress.macaw.ee\/about-group\/media-distinctions-and-awards\/lithuania\/"},"modified":"2025-05-09T11:54:32","modified_gmt":"2025-05-09T08:54:32","slug":"lithuania","status":"publish","type":"page","link":"https:\/\/www.egrupp.ee\/en\/about-group\/media-distinctions-and-awards\/lithuania\/","title":{"rendered":"Lithuania"},"content":{"rendered":"<ul>\n<li>At the annual award ceremony organised by the Lithuanian Ministry of Finance and the Lithuanian Journalists&#8217; Union, a <strong>special award<\/strong> was presented to <strong>Delfi <\/strong>for its coverage of a wide range of topics and issues.<\/li>\n<\/ul>\n<p><img loading=\"lazy\" decoding=\"async\" class=\"alignnone size-medium wp-image-4718\" src=\"https:\/\/egrupp.ee\/wp-content\/uploads\/2025\/05\/Pilt12-300x178.jpg\" alt=\"\" width=\"300\" height=\"178\" srcset=\"https:\/\/www.egrupp.ee\/wp-content\/uploads\/2025\/05\/Pilt12-300x178.jpg 300w, https:\/\/www.egrupp.ee\/wp-content\/uploads\/2025\/05\/Pilt12-450x267.jpg 450w, https:\/\/www.egrupp.ee\/wp-content\/uploads\/2025\/05\/Pilt12.jpg 606w\" sizes=\"auto, (max-width: 300px) 100vw, 300px\" \/><\/p>\n<ul>\n<li><strong>Dainius Sinkevi\u010dius<\/strong>, a special correspondent for Delfi, was honored with the Sharpest Shot Award at the Vilnius Journalists&#8217; Forum for his impactful coverage of topics concerning crimes against children that resonated throughout Lithuania.<\/li>\n<\/ul>\n<p><img loading=\"lazy\" decoding=\"async\" class=\"alignnone size-full wp-image-4720\" src=\"https:\/\/egrupp.ee\/wp-content\/uploads\/2025\/05\/Pilt13.jpg\" alt=\"\" width=\"265\" height=\"176\" \/><\/p>\n<ul>\n<li><strong>Tomas Janonis<\/strong>, a special correspondent for Delfi, was awarded the Insight Award at the Vilnius Journalists&#8217; Forum for his outstanding coverage of topics exposing how public access to state-owned territories is increasingly restricted and others.<\/li>\n<\/ul>\n<p><img loading=\"lazy\" decoding=\"async\" class=\"alignnone size-full wp-image-4722\" src=\"https:\/\/egrupp.ee\/wp-content\/uploads\/2025\/05\/Pilt14.jpg\" alt=\"\" width=\"265\" height=\"176\" \/><\/p>\n<ul>\n<li>At the &#8220;Tourism Success Awards&#8221; organised by &#8220;Keliauk Lietuvoje&#8221; <strong>Orijus Gasanovas<\/strong>&#8216; show &#8220;Orijus&#8217; Holidays in Lithuania&#8221; was named the most successful media project promoting travel to or within Lithuania.<\/li>\n<li><strong>Tomas Janonis<\/strong> was named the winner of the 2024 Journalists&#8217; Creative Competition &#8220;Man and the Environment.&#8221;<\/li>\n<\/ul>\n<p><img loading=\"lazy\" decoding=\"async\" class=\"alignnone size-medium wp-image-4724\" src=\"https:\/\/egrupp.ee\/wp-content\/uploads\/2025\/05\/Pilt15-300x178.jpg\" alt=\"\" width=\"300\" height=\"178\" srcset=\"https:\/\/www.egrupp.ee\/wp-content\/uploads\/2025\/05\/Pilt15-300x178.jpg 300w, https:\/\/www.egrupp.ee\/wp-content\/uploads\/2025\/05\/Pilt15-450x267.jpg 450w, https:\/\/www.egrupp.ee\/wp-content\/uploads\/2025\/05\/Pilt15.jpg 606w\" sizes=\"auto, (max-width: 300px) 100vw, 300px\" \/><\/p>\n<ul>\n<li>Delfi&#8217;s investigative journalism was recognised this year with two prestigious awards at the &#8220;Paparazzi&#8221; forum organised by communication agency Publicum. Special correspondent <strong>Dainius Sinkevi\u010dius<\/strong> received the &#8220;For Courage&#8221; award, while his colleague <strong>Tomas Janonis<\/strong> was honored with the &#8220;For Investigations&#8221; award.<\/li>\n<\/ul>\n<p><img loading=\"lazy\" decoding=\"async\" class=\"alignnone size-medium wp-image-4726\" src=\"https:\/\/egrupp.ee\/wp-content\/uploads\/2025\/05\/Pilt16-300x178.jpg\" alt=\"\" width=\"300\" height=\"178\" srcset=\"https:\/\/www.egrupp.ee\/wp-content\/uploads\/2025\/05\/Pilt16-300x178.jpg 300w, https:\/\/www.egrupp.ee\/wp-content\/uploads\/2025\/05\/Pilt16-450x267.jpg 450w, https:\/\/www.egrupp.ee\/wp-content\/uploads\/2025\/05\/Pilt16.jpg 606w\" sizes=\"auto, (max-width: 300px) 100vw, 300px\" \/><\/p>\n<ul>\n<li>The international free press organisation &#8220;Free Press Unlimited,&#8221; which supports media and journalists worldwide, announced the twenty winners of the 2024 Collaborative Journalism Fellowship. Among them was <strong>Vytaut\u0117 Merkyt\u0117<\/strong>, editor of <em>Delfi Plius<\/em>.<\/li>\n<\/ul>\n<p><img loading=\"lazy\" decoding=\"async\" class=\"alignnone size-medium wp-image-4728\" src=\"https:\/\/egrupp.ee\/wp-content\/uploads\/2025\/05\/Pilt17-300x178.jpg\" alt=\"\" width=\"300\" height=\"178\" srcset=\"https:\/\/www.egrupp.ee\/wp-content\/uploads\/2025\/05\/Pilt17-300x178.jpg 300w, https:\/\/www.egrupp.ee\/wp-content\/uploads\/2025\/05\/Pilt17-450x267.jpg 450w, https:\/\/www.egrupp.ee\/wp-content\/uploads\/2025\/05\/Pilt17.jpg 606w\" sizes=\"auto, (max-width: 300px) 100vw, 300px\" \/><\/p>\n<hr \/>\n<p><strong>2023<\/strong><\/p>\n<ul>\n<li>Special correspondent of Delfi Lithuania,<strong> Tomas Janonis<\/strong>, and science and technology editor, \u0160ar\u016bnas Me\u0161kys, received an award in the <strong>21<sup>st<\/sup> creative competition Man and Environment (\u017dmogus ir aplinka) of the Lithuanian Ministry of the Environment and the Lithuanian Union of Journalists<\/strong>.<\/li>\n<li>Delfi\u2019s sports journalist <strong>Mindaugas Augustis<\/strong> received the prize of the Lithuanian association of sports journalists for the most noteworthy articles in 2023.<\/li>\n<li>The children\u2019s rights protection and adoption agency of the Lithuanian Ministry of Social Affairs and Labour awarded a prize to Delfi journalist <strong>Dainius Sinkevi\u010dius<\/strong> whose work has helped to improve the welfare of Lithuanian children and has protected their rights and needs.<\/li>\n<li>In the ceremony of Annual Press Awards, <strong>lt<\/strong> received the Authenticity Award from <strong>Paparazzi <\/strong>Agency.<\/li>\n<li><strong>Delfi<\/strong> was recognised by Lithuania\u2019s leading communication agency <strong>Publicum<\/strong> for entrepreneurship development and received the <strong>leader of the sector award, ELTA<\/strong> was recognised for the revival of the sector.<\/li>\n<\/ul>\n<hr \/>\n<p><strong>2022<\/strong><\/p>\n<ul>\n<li>For his outstanding services, <strong>Oleg Jerofejev<\/strong>, editor of ru.delfi.lt, was awarded the Lithuanian state order of merit and the silver badge of honour of the Lithuanian government\u2019s department of ethnic minorities.<\/li>\n<li><strong>Tomas Janonis<\/strong>, special correspondent of Delfi, was recognised for investigative journalism in the competition <strong>\u201cThe Man and the Environment\u201c<\/strong>.<\/li>\n<li><strong>Edgaras Savickas<\/strong>, business journalist of Delfi, was named journalist of the year in connection with the research that exposed the lack of effectiveness of EU investments.<\/li>\n<li><strong>Kristina Pocyt\u0117<\/strong>, journalist of Delfi and Delfi TV, won the press award in the \u201cPaparazzi\u201d award contest organised by the PR agency \u201cPublicum\u201d.<\/li>\n<\/ul>\n<hr \/>\n<p><strong>2021<\/strong><\/p>\n<ul>\n<li>At the festive ceremony held to celebrate its 21<sup>st<\/sup> anniversary, <strong>Delfi Lithuania<\/strong> awarded the <strong>Titans<\/strong> prize to people who have broken stereotypes with their personal example and attract attention to key public phenomena and events. The recipients included a journalist and political commentator K\u0119stutis Girnis for his extensive contribution in covering the challenges facing the Lithuania society, and Aukse Mickien\u0117, head of the Department of Infectious Diseases in the Lithuanian University of Health Sciences for her self-sacrificing work.<\/li>\n<li>For the fourth consecutive year, the Lithuanian Ministry of Finance organised a competition to select the best press coverage on the European Union investments in Lithuania with the aim of analysing and increasing the efficiency of the use of the EU structural funds. In 2021, Delfi journalist <strong>Edgar Savickas<\/strong> won the award.<\/li>\n<li>Delfi columnist <strong>Rimvydas Valatka<\/strong> received the Romas Sakadolskis Award of Journalism for extraordinary opinion journalism. On Sundays, Valatka publishes in Delfi his opinion about the most important political and social issues.<\/li>\n<\/ul>\n<hr \/>\n<p><strong>2020<\/strong><\/p>\n<ul>\n<li><a href=\"https:\/\/www.delfi.lt\/m360\/naujausi-straipsniai\/delfi-svencia-20-a-gimtadieni-iteikti-titanu-apdovanojimai.d?id=83473599\">At the festive ceremony held to celebrate the 20th anniversary of Delfi at the National Museum of Art<\/a> in Vilnius on 6 February, Delfi awarded prizes to the people for breaking stereotypes with their personal example and highlighting key public phenomena and events.<\/li>\n<li>The Lie Detector of the Lithuanian news portal <a href=\"https:\/\/www.delfi.lt\/\">lt<\/a> is among nine nominees that are the candidates of the best fact-checking success stories of Europe. The winner will be announced at the global virtual summit.<\/li>\n<\/ul>\n<hr \/>\n<p><strong>2019<\/strong><\/p>\n<p>Delfi Lithuania\u2019s journalist <strong>Ar\u016bnas Mila\u0161ius<\/strong> won the second prize at the competition of environmental journalists \u201cPeople and the Environment\u201d for a series of articles dealing with the ecological disaster due the fire in the factory of recycled tires. The prizes were handed out by the Minister of the Environment K\u0119stutis Ma\u017eeika and Chairman of the Association of the Lithuanian Journalists (L\u017dA) Dainius Radzevi\u010dius.<\/p>\n<p>Delfi Lithuania\u2019s journalists <strong>Edgaras Savickas<\/strong>, <strong>Ar\u016bnas\u00a0<\/strong><strong>Mila\u0161ius<\/strong> and <strong>Lina Mustafinait\u0117<\/strong> received three awards for their work covering EU investment projects.<\/p>\n<p>Delfi Lithuania\u2019s business journalist <strong>Edgaras Savickas\u00a0<\/strong>and environmental journalist <strong>Tomas Janonis<\/strong> won awards for their entries in the competition on corruption \u201cTransparency \u2013 it\u2019s in our hands 2018\u201d.<\/p>\n","protected":false},"excerpt":{"rendered":"<p>At the annual award ceremony organised by the Lithuanian Ministry of Finance and the Lithuanian Journalists&#8217; Union, a special award was presented to Delfi for its coverage of a wide range of topics and issues. Dainius Sinkevi\u010dius, a special correspondent for Delfi, was honored with the Sharpest Shot Award at the Vilnius Journalists&#8217; Forum for [&hellip;]<\/p>\n","protected":false},"author":11,"featured_media":0,"parent":1115,"menu_order":0,"comment_status":"closed","ping_status":"closed","template":"tpl-awards.php","meta":{"footnotes":""},"class_list":["post-1122","page","type-page","status-publish","hentry"],"acf":{"page_content_title":"Lithuania","page_content_logo":false,"blocks":false,"award_sliders":[{"award_year":"2024","award_events":[{"award_item":""},{"award_item":""},{"award_item":""},{"award_item":""},{"award_item":""},{"award_item":""},{"award_item":""}]},{"award_year":"2023","award_events":[{"award_item":""},{"award_item":""}]},{"award_year":"2022","award_events":[{"award_item":""},{"award_item":""}]},{"award_year":"2021","award_events":[{"award_item":""},{"award_item":""}]},{"award_year":"2020","award_events":[{"award_item":""},{"award_item":""}]},{"award_year":"2019","award_events":[{"award_item":""},{"award_item":""}]}]},"_links":{"self":[{"href":"https:\/\/www.egrupp.ee\/en\/wp-json\/wp\/v2\/pages\/1122","targetHints":{"allow":["GET"]}}],"collection":[{"href":"https:\/\/www.egrupp.ee\/en\/wp-json\/wp\/v2\/pages"}],"about":[{"href":"https:\/\/www.egrupp.ee\/en\/wp-json\/wp\/v2\/types\/page"}],"author":[{"embeddable":true,"href":"https:\/\/www.egrupp.ee\/en\/wp-json\/wp\/v2\/users\/11"}],"replies":[{"embeddable":true,"href":"https:\/\/www.egrupp.ee\/en\/wp-json\/wp\/v2\/comments?post=1122"}],"version-history":[{"count":8,"href":"https:\/\/www.egrupp.ee\/en\/wp-json\/wp\/v2\/pages\/1122\/revisions"}],"predecessor-version":[{"id":4730,"href":"https:\/\/www.egrupp.ee\/en\/wp-json\/wp\/v2\/pages\/1122\/revisions\/4730"}],"up":[{"embeddable":true,"href":"https:\/\/www.egrupp.ee\/en\/wp-json\/wp\/v2\/pages\/1115"}],"wp:attachment":[{"href":"https:\/\/www.egrupp.ee\/en\/wp-json\/wp\/v2\/media?parent=1122"}],"curies":[{"name":"wp","href":"https:\/\/api.w.org\/{rel}","templated":true}]}}