{"id":1124,"date":"2020-03-23T22:53:58","date_gmt":"2020-03-23T20:53:58","guid":{"rendered":"https:\/\/ekspress.macaw.ee\/investors\/why-invest-in-ekspress-grupp\/"},"modified":"2025-09-28T19:20:15","modified_gmt":"2025-09-28T16:20:15","slug":"why-invest-in-ekspress-grupp","status":"publish","type":"page","link":"https:\/\/www.egrupp.ee\/en\/investors\/why-invest-in-ekspress-grupp\/","title":{"rendered":"Why invest in Ekspress Grupp?"},"content":{"rendered":"<p data-start=\"62\" data-end=\"462\"><strong data-start=\"62\" data-end=\"97\">Arguments and Value Proposition<\/strong><br data-start=\"97\" data-end=\"100\" \/>Ekspress Grupp creates value for its shareholders by implementing a strategy aimed at increasing the profitability of the digital media and services business. We focus on growing the digital business. The secret of our continued success lies in truly understanding the future needs of our clients, offering daily a wide range of services to thousands of users.<\/p>\n<p data-start=\"464\" data-end=\"862\"><strong data-start=\"464\" data-end=\"512\">Leading Digital Publisher with Strong Brands<\/strong><br data-start=\"512\" data-end=\"515\" \/>We hold a market-leading position with a high number of users and readers in the Baltic countries. Our activities are characterized by long-term experience in reliable journalism, and we are at the forefront of digital innovation.<br data-start=\"745\" data-end=\"748\" \/>We have a stable and growing digital subscription base, which balances the decline in print services in Estonia.<\/p>\n<p data-start=\"864\" data-end=\"1298\"><strong data-start=\"864\" data-end=\"897\">Investing in Digital Services<\/strong><br data-start=\"897\" data-end=\"900\" \/>The Group has made several important investments (<em data-start=\"950\" data-end=\"967\">Bi\u013ce\u0161u parad\u012bze<\/em> in Latvia and <em data-start=\"982\" data-end=\"995\">Piletitasku<\/em> in Estonia \u2013 ticketing platforms, <strong data-start=\"1030\" data-end=\"1043\">D Screens<\/strong> in Estonia and Latvia \u2013 digital outdoor advertising sales, <strong data-start=\"1103\" data-end=\"1146\">Estonian Training and Conference Centre<\/strong> and <strong data-start=\"1151\" data-end=\"1161\">Kenton<\/strong> in Lithuania \u2013 conference and training businesses), which support the synergy between new enterprises and the existing media business.<\/p>\n<p data-start=\"1300\" data-end=\"1618\"><strong data-start=\"1300\" data-end=\"1334\">People, Technology and Finance<\/strong><br data-start=\"1334\" data-end=\"1337\" \/>Ekspress Grupp\u2019s cash flows and balance sheet structure enable further investments aimed at future growth. We focus on a cost-efficient business model and technology-driven product development, supported by entrepreneurial and cooperative people who are part of our organization.<\/p>\n<p>&nbsp;<\/p>\n","protected":false},"excerpt":{"rendered":"<p>Arguments and Value PropositionEkspress Grupp creates value for its shareholders by implementing a strategy aimed at increasing the profitability of the digital media and services business. We focus on growing the digital business. The secret of our continued success lies in truly understanding the future needs of our clients, offering daily a wide range of [&hellip;]<\/p>\n","protected":false},"author":11,"featured_media":0,"parent":1123,"menu_order":1,"comment_status":"closed","ping_status":"closed","template":"","meta":{"footnotes":""},"class_list":["post-1124","page","type-page","status-publish","hentry"],"acf":{"page_content_logo":false,"blocks":false,"page_content_title":"Why invest in Ekspress Grupp?"},"_links":{"self":[{"href":"https:\/\/www.egrupp.ee\/en\/wp-json\/wp\/v2\/pages\/1124","targetHints":{"allow":["GET"]}}],"collection":[{"href":"https:\/\/www.egrupp.ee\/en\/wp-json\/wp\/v2\/pages"}],"about":[{"href":"https:\/\/www.egrupp.ee\/en\/wp-json\/wp\/v2\/types\/page"}],"author":[{"embeddable":true,"href":"https:\/\/www.egrupp.ee\/en\/wp-json\/wp\/v2\/users\/11"}],"replies":[{"embeddable":true,"href":"https:\/\/www.egrupp.ee\/en\/wp-json\/wp\/v2\/comments?post=1124"}],"version-history":[{"count":3,"href":"https:\/\/www.egrupp.ee\/en\/wp-json\/wp\/v2\/pages\/1124\/revisions"}],"predecessor-version":[{"id":4899,"href":"https:\/\/www.egrupp.ee\/en\/wp-json\/wp\/v2\/pages\/1124\/revisions\/4899"}],"up":[{"embeddable":true,"href":"https:\/\/www.egrupp.ee\/en\/wp-json\/wp\/v2\/pages\/1123"}],"wp:attachment":[{"href":"https:\/\/www.egrupp.ee\/en\/wp-json\/wp\/v2\/media?parent=1124"}],"curies":[{"name":"wp","href":"https:\/\/api.w.org\/{rel}","templated":true}]}}