{"id":1309,"date":"2020-03-12T10:38:46","date_gmt":"2020-03-12T08:38:46","guid":{"rendered":"https:\/\/ekspress.macaw.ee\/operating-areas\/media\/latvia\/delfi-a-s\/"},"modified":"2021-12-22T13:30:42","modified_gmt":"2021-12-22T11:30:42","slug":"delfi-a-s","status":"publish","type":"page","link":"https:\/\/www.egrupp.ee\/en\/operating-areas\/media\/latvia\/delfi-a-s\/","title":{"rendered":"Delfi"},"content":{"rendered":"<div style=\"width: 640px;\" class=\"wp-video\"><!--[if lt IE 9]><script>document.createElement('video');<\/script><![endif]-->\n<video class=\"wp-video-shortcode\" id=\"video-1309-1\" width=\"640\" height=\"360\" preload=\"metadata\" controls=\"controls\"><source type=\"video\/mp4\" src=\"https:\/\/egrupp.ee\/wp-content\/uploads\/2021\/11\/Kad-mums-ir-svar\u012bgi.mp4?_=1\" \/><a href=\"https:\/\/egrupp.ee\/wp-content\/uploads\/2021\/11\/Kad-mums-ir-svar\u012bgi.mp4\">https:\/\/egrupp.ee\/wp-content\/uploads\/2021\/11\/Kad-mums-ir-svar\u012bgi.mp4<\/a><\/video><\/div>\n<p>Delfi is Latvia\u2019s largest news portal and it was named as the most reliable media company in Latvia in 2018. The portal\u2019s 850,\u00a0000 monthly users value the breadth and variety of the content of Delfi.lv, with the speed of reporting as well as clarify and ease of finding information also being important.<\/p>\n<p>Delfi Latvia was the media partner for several large events, such as Positivus, international early music festival, World RX of Latvia and other events.<\/p>\n<p>Please contact us at:<br \/>\nAS DELFI<br \/>\nD\u0113\u013cu iel\u0101 4-8, C ieeja, 3. st\u0101vs, R\u012bga, LV-1004<br \/>\nTel: +371 67784050<br \/>\nKMKR nr LV40003504352<br \/>\nE-post:\u00a0<a href=\"mailto:redakcija@delfi.lv\">redakcija@delfi.lv<\/a><\/p>\n","protected":false},"excerpt":{"rendered":"<p>Delfi is Latvia\u2019s largest news portal and it was named as the most reliable media company in Latvia in 2018. The portal\u2019s 850,\u00a0000 monthly users value the breadth and variety of the content of Delfi.lv, with the speed of reporting as well as clarify and ease of finding information also being important. Delfi Latvia was [&hellip;]<\/p>\n","protected":false},"author":11,"featured_media":0,"parent":1308,"menu_order":2,"comment_status":"closed","ping_status":"closed","template":"","meta":{"footnotes":""},"class_list":["post-1309","page","type-page","status-publish","hentry"],"acf":{"blocks":false,"page_content_title":"Delfi","page_content_logo":{"ID":1436,"id":1436,"title":"delfi_bright_blue-01","filename":"delfi_bright_blue-01-e1592564049260.png","filesize":9957,"url":"https:\/\/www.egrupp.ee\/wp-content\/uploads\/2020\/06\/delfi_bright_blue-01-e1592564049260.png","link":"https:\/\/www.egrupp.ee\/en\/operating-areas\/media\/lithuania\/delfi-uab\/delfi_bright_blue-01\/","alt":"","author":"11","description":"","caption":"","name":"delfi_bright_blue-01","status":"inherit","uploaded_to":1315,"date":"2020-06-19 10:37:44","modified":"2020-10-15 07:32:21","menu_order":0,"mime_type":"image\/png","type":"image","subtype":"png","icon":"https:\/\/www.egrupp.ee\/wp-includes\/images\/media\/default.png","width":593,"height":298,"sizes":{"thumbnail":"https:\/\/www.egrupp.ee\/wp-content\/uploads\/2020\/06\/delfi_bright_blue-01-e1592564049260-150x150.png","thumbnail-width":150,"thumbnail-height":150,"medium":"https:\/\/www.egrupp.ee\/wp-content\/uploads\/2020\/06\/delfi_bright_blue-01-e1592564049260-300x151.png","medium-width":300,"medium-height":151,"medium_large":"https:\/\/www.egrupp.ee\/wp-content\/uploads\/2020\/06\/delfi_bright_blue-01-768x543.png","medium_large-width":768,"medium_large-height":543,"large":"https:\/\/www.egrupp.ee\/wp-content\/uploads\/2020\/06\/delfi_bright_blue-01-1024x724.png","large-width":1024,"large-height":724,"1536x1536":"https:\/\/www.egrupp.ee\/wp-content\/uploads\/2020\/06\/delfi_bright_blue-01-1536x1086.png","1536x1536-width":1536,"1536x1536-height":1086,"2048x2048":"https:\/\/www.egrupp.ee\/wp-content\/uploads\/2020\/06\/delfi_bright_blue-01-2048x1449.png","2048x2048-width":2048,"2048x2048-height":1449,"iphone":"https:\/\/www.egrupp.ee\/wp-content\/uploads\/2020\/06\/delfi_bright_blue-01-e1592564049260-450x226.png","iphone-width":450,"iphone-height":226,"phone-large":"https:\/\/www.egrupp.ee\/wp-content\/uploads\/2020\/06\/delfi_bright_blue-01-650x460.png","phone-large-width":650,"phone-large-height":460,"tablet":"https:\/\/www.egrupp.ee\/wp-content\/uploads\/2020\/06\/delfi_bright_blue-01-850x601.png","tablet-width":850,"tablet-height":601,"laptop":"https:\/\/www.egrupp.ee\/wp-content\/uploads\/2020\/06\/delfi_bright_blue-01-1400x990.png","laptop-width":1400,"laptop-height":990,"laptopretina":"https:\/\/www.egrupp.ee\/wp-content\/uploads\/2020\/06\/delfi_bright_blue-01-1600x1132.png","laptopretina-width":1600,"laptopretina-height":1132,"fullhd":"https:\/\/www.egrupp.ee\/wp-content\/uploads\/2020\/06\/delfi_bright_blue-01-1920x1358.png","fullhd-width":1920,"fullhd-height":1358}}},"_links":{"self":[{"href":"https:\/\/www.egrupp.ee\/en\/wp-json\/wp\/v2\/pages\/1309","targetHints":{"allow":["GET"]}}],"collection":[{"href":"https:\/\/www.egrupp.ee\/en\/wp-json\/wp\/v2\/pages"}],"about":[{"href":"https:\/\/www.egrupp.ee\/en\/wp-json\/wp\/v2\/types\/page"}],"author":[{"embeddable":true,"href":"https:\/\/www.egrupp.ee\/en\/wp-json\/wp\/v2\/users\/11"}],"replies":[{"embeddable":true,"href":"https:\/\/www.egrupp.ee\/en\/wp-json\/wp\/v2\/comments?post=1309"}],"version-history":[{"count":5,"href":"https:\/\/www.egrupp.ee\/en\/wp-json\/wp\/v2\/pages\/1309\/revisions"}],"predecessor-version":[{"id":2979,"href":"https:\/\/www.egrupp.ee\/en\/wp-json\/wp\/v2\/pages\/1309\/revisions\/2979"}],"up":[{"embeddable":true,"href":"https:\/\/www.egrupp.ee\/en\/wp-json\/wp\/v2\/pages\/1308"}],"wp:attachment":[{"href":"https:\/\/www.egrupp.ee\/en\/wp-json\/wp\/v2\/media?parent=1309"}],"curies":[{"name":"wp","href":"https:\/\/api.w.org\/{rel}","templated":true}]}}