{"id":1310,"date":"2020-03-20T22:26:28","date_gmt":"2020-03-20T20:26:28","guid":{"rendered":"https:\/\/ekspress.macaw.ee\/operating-areas\/media\/latvia\/d-screens-sia\/"},"modified":"2021-12-22T13:32:56","modified_gmt":"2021-12-22T11:32:56","slug":"d-screens-sia","status":"publish","type":"page","link":"https:\/\/www.egrupp.ee\/en\/operating-areas\/media\/latvia\/d-screens-sia\/","title":{"rendered":"D Screens"},"content":{"rendered":"<p>Actual City Media, established in 2008. In 2019 with a growth of network the name was changes to D Screens. Now D Screens is a fast-developing company that operates Digitala out of Home screen network in Riga.<\/p>\n<p>LINK: <a href=\"https:\/\/www.dscreens.lv\/\">www.dscreens.lv<\/a><\/p>\n<p>Please contact us at:<br \/>\nD Screens<br \/>\nD\u0113\u013cu iela 4c, R\u012bga, LV-1004<br \/>\nTel:\u00a0+371 277 550 77<br \/>\nKMKR nr LV40103444613<br \/>\nE-post:\u00a0<a href=\"mailto:info@screens.lv\">info@screens.lv<\/a><\/p>\n","protected":false},"excerpt":{"rendered":"<p>Actual City Media, established in 2008. In 2019 with a growth of network the name was changes to D Screens. Now D Screens is a fast-developing company that operates Digitala out of Home screen network in Riga. LINK: www.dscreens.lv Please contact us at: D Screens D\u0113\u013cu iela 4c, R\u012bga, LV-1004 Tel:\u00a0+371 277 550 77 KMKR [&hellip;]<\/p>\n","protected":false},"author":11,"featured_media":0,"parent":1308,"menu_order":1,"comment_status":"closed","ping_status":"closed","template":"","meta":{"footnotes":""},"class_list":["post-1310","page","type-page","status-publish","hentry"],"acf":{"blocks":false,"page_content_title":"D Screens","page_content_logo":{"ID":998,"id":998,"title":"Dscreens_logo_black","filename":"Dscreens_logo_black.svg","filesize":4989,"url":"https:\/\/www.egrupp.ee\/wp-content\/uploads\/2020\/06\/Dscreens_logo_black.svg","link":"https:\/\/www.egrupp.ee\/en\/operating-areas\/media\/latvia\/d-screens-sia\/dscreens_logo_black-2\/","alt":"","author":"11","description":"","caption":"","name":"dscreens_logo_black-2","status":"inherit","uploaded_to":1310,"date":"2020-06-11 07:51:37","modified":"2020-07-02 11:24:42","menu_order":0,"mime_type":"image\/svg+xml","type":"image","subtype":"svg+xml","icon":"https:\/\/www.egrupp.ee\/wp-includes\/images\/media\/default.png","width":682,"height":674,"sizes":{"thumbnail":"https:\/\/www.egrupp.ee\/wp-content\/uploads\/2020\/06\/Dscreens_logo_black.svg","thumbnail-width":682,"thumbnail-height":674,"medium":"https:\/\/www.egrupp.ee\/wp-content\/uploads\/2020\/06\/Dscreens_logo_black.svg","medium-width":682,"medium-height":674,"medium_large":"https:\/\/www.egrupp.ee\/wp-content\/uploads\/2020\/06\/Dscreens_logo_black.svg","medium_large-width":682,"medium_large-height":674,"large":"https:\/\/www.egrupp.ee\/wp-content\/uploads\/2020\/06\/Dscreens_logo_black.svg","large-width":682,"large-height":674,"1536x1536":"https:\/\/www.egrupp.ee\/wp-content\/uploads\/2020\/06\/Dscreens_logo_black.svg","1536x1536-width":682,"1536x1536-height":674,"2048x2048":"https:\/\/www.egrupp.ee\/wp-content\/uploads\/2020\/06\/Dscreens_logo_black.svg","2048x2048-width":682,"2048x2048-height":674,"iphone":"https:\/\/www.egrupp.ee\/wp-content\/uploads\/2020\/06\/Dscreens_logo_black.svg","iphone-width":682,"iphone-height":674,"phone-large":"https:\/\/www.egrupp.ee\/wp-content\/uploads\/2020\/06\/Dscreens_logo_black.svg","phone-large-width":682,"phone-large-height":674,"tablet":"https:\/\/www.egrupp.ee\/wp-content\/uploads\/2020\/06\/Dscreens_logo_black.svg","tablet-width":682,"tablet-height":674,"laptop":"https:\/\/www.egrupp.ee\/wp-content\/uploads\/2020\/06\/Dscreens_logo_black.svg","laptop-width":682,"laptop-height":674,"laptopretina":"https:\/\/www.egrupp.ee\/wp-content\/uploads\/2020\/06\/Dscreens_logo_black.svg","laptopretina-width":682,"laptopretina-height":674,"fullhd":"https:\/\/www.egrupp.ee\/wp-content\/uploads\/2020\/06\/Dscreens_logo_black.svg","fullhd-width":682,"fullhd-height":674}}},"_links":{"self":[{"href":"https:\/\/www.egrupp.ee\/en\/wp-json\/wp\/v2\/pages\/1310","targetHints":{"allow":["GET"]}}],"collection":[{"href":"https:\/\/www.egrupp.ee\/en\/wp-json\/wp\/v2\/pages"}],"about":[{"href":"https:\/\/www.egrupp.ee\/en\/wp-json\/wp\/v2\/types\/page"}],"author":[{"embeddable":true,"href":"https:\/\/www.egrupp.ee\/en\/wp-json\/wp\/v2\/users\/11"}],"replies":[{"embeddable":true,"href":"https:\/\/www.egrupp.ee\/en\/wp-json\/wp\/v2\/comments?post=1310"}],"version-history":[{"count":3,"href":"https:\/\/www.egrupp.ee\/en\/wp-json\/wp\/v2\/pages\/1310\/revisions"}],"predecessor-version":[{"id":2980,"href":"https:\/\/www.egrupp.ee\/en\/wp-json\/wp\/v2\/pages\/1310\/revisions\/2980"}],"up":[{"embeddable":true,"href":"https:\/\/www.egrupp.ee\/en\/wp-json\/wp\/v2\/pages\/1308"}],"wp:attachment":[{"href":"https:\/\/www.egrupp.ee\/en\/wp-json\/wp\/v2\/media?parent=1310"}],"curies":[{"name":"wp","href":"https:\/\/api.w.org\/{rel}","templated":true}]}}